{"id":2675,"date":"2024-09-05T11:14:38","date_gmt":"2024-09-05T11:14:38","guid":{"rendered":"https:\/\/norsauna.no\/?post_type=product&#038;p=2675"},"modified":"2024-12-19T13:49:02","modified_gmt":"2024-12-19T13:49:02","slug":"patio-models","status":"publish","type":"product","link":"https:\/\/norsauna.no\/en\/product\/patio-models\/","title":{"rendered":"Patio models"},"content":{"rendered":"<p><span style=\"font-weight: 400;\">The Patio series is a modern and stylish collection of square-shaped saunas. The series seamlessly blends modern elegance with functional design, making it the ideal addition to any outdoor setting.<\/span><\/p>\n<div class=\"send-request-container\"><a class=\"send-request-button\" href=\"https:\/\/norsauna.no\/en\/patio-models-request-form\/\">Send request<\/a><\/div>","protected":false},"excerpt":{"rendered":"<p><strong>Specifications:<\/strong><\/p>\n<ul>\n<li style=\"font-weight: 400;\" aria-level=\"1\"><span style=\"font-weight: 400;\">Walls - 40mm thermo-treated pin<\/span><\/li>\n<li style=\"font-weight: 400;\" aria-level=\"1\"><span style=\"font-weight: 400;\">Roof - roof boards 23mm, EPDM roof cover, metal edge covers. In sauna room ceiling thermo treated spruce internal panelling + PIR sauna insulation 30mm<\/span><\/li>\n<li style=\"font-weight: 400;\" aria-level=\"1\"><span style=\"font-weight: 400;\">Floor - frame 45x95, weatherproof treatment in black, boards 24mm in spruce, metal floor gutter for waste water in sauna room<\/span><\/li>\n<li style=\"font-weight: 400;\" aria-level=\"1\"><span style=\"font-weight: 400;\">Door - 1-2pcs full glass door (690x1890mm), bronze, tempered 8mm<\/span><\/li>\n<li style=\"font-weight: 400;\" aria-level=\"1\"><span style=\"font-weight: 400;\">Window -  wooden frame, tempered glass 8mm, bronze<\/span><\/li>\n<li style=\"font-weight: 400;\" aria-level=\"1\"><span style=\"font-weight: 400;\">Benches - 2 level benches alder 28x90, bench skirt<\/span><\/li>\n<li style=\"font-weight: 400;\" aria-level=\"1\"><span style=\"font-weight: 400;\">Mouldings - all outside mouldings treated in black<\/span><\/li>\n<\/ul>\n<p><\/p>\n<div>\n<span style=\"font-weight: 400;\">Extras:<\/span><\/p>\n<ul>\n<li style=\"font-weight: 400;\" aria-level=\"1\"><span style=\"font-weight: 400;\">Back rest in Alder (3-boards) - 2pcs<\/span><\/li>\n<li style=\"font-weight: 400;\" aria-level=\"1\"><span style=\"font-weight: 400;\">Double\/ISO glass window (door 8mm glass)<\/span><\/li>\n<li style=\"font-weight: 400;\" aria-level=\"1\"><span style=\"font-weight: 400;\">Double\/ISO glass mirror window + door mirror (8mm glass)<\/span><\/li>\n<\/ul>\n<\/div>","protected":false},"featured_media":3697,"template":"","meta":[],"product_cat":[20],"product_tag":[],"class_list":{"0":"post-2675","1":"product","2":"type-product","3":"status-publish","4":"has-post-thumbnail","6":"product_cat-saunas","8":"first","9":"instock","10":"shipping-taxable","11":"purchasable","12":"product-type-variable"},"yoast_head":"<!-- This site is optimized with the Yoast SEO plugin v23.7 - https:\/\/yoast.com\/wordpress\/plugins\/seo\/ -->\n<title>Patio modeller - NorSauna<\/title>\n<meta name=\"robots\" content=\"index, follow, max-snippet:-1, max-image-preview:large, max-video-preview:-1\" \/>\n<link rel=\"canonical\" href=\"https:\/\/norsauna.no\/en\/product\/patio-models\/\" \/>\n<meta property=\"og:locale\" content=\"en_US\" \/>\n<meta property=\"og:type\" content=\"article\" \/>\n<meta property=\"og:title\" content=\"Patio modeller - NorSauna\" \/>\n<meta property=\"og:description\" content=\"Spesifikasjoner:   Veggtykkelse \u2013 40 mm termo-behandlet furu  Tak \u2013 takbord 23 mm, EPDM-takbelegg, metallkantdeksler. I badsturommet: tak med termo-behandlet gran innvendig kledning + PIR-badstuisolasjon 30 mm  Gulv \u2013 ramme 45\u00d795, v\u00e6rbestandig behandling i svart, bord 24 mm gran, metallrenne for avl\u00f8psvann i badsturommet  D\u00f8r \u2013 1-2 stk helglassd\u00f8r (690\u00d71890 mm), bronse, herdet 8 mm  Vindu \u2013 treramme, herdet glass 8 mm, bronse  Benker \u2013 2-niv\u00e5 benker av or 28\u00d790, benkeforing  Listverk \u2013 alt utvendig listverk behandlet i svart    Ekstrautstyr:   Ryggst\u00f8tte i or (3-bord) \u2013 2 stk  Dobbel\/ISO glassvindu (d\u00f8r 8 mm glass)  Dobbel\/ISO glass speilvindu + d\u00f8r speil (8 mm glass)\" \/>\n<meta property=\"og:url\" content=\"https:\/\/norsauna.no\/en\/product\/patio-models\/\" \/>\n<meta property=\"og:site_name\" content=\"NorSauna\" \/>\n<meta property=\"article:modified_time\" content=\"2024-12-19T13:49:02+00:00\" \/>\n<meta property=\"og:image\" content=\"https:\/\/norsauna.no\/wp-content\/uploads\/2024\/09\/patio-sauna.jpeg\" \/>\n\t<meta property=\"og:image:width\" content=\"1030\" \/>\n\t<meta property=\"og:image:height\" content=\"692\" \/>\n\t<meta property=\"og:image:type\" content=\"image\/jpeg\" \/>\n<meta name=\"twitter:card\" content=\"summary_large_image\" \/>\n<meta name=\"twitter:label1\" content=\"Est. reading time\" \/>\n\t<meta name=\"twitter:data1\" content=\"1 minute\" \/>\n<script type=\"application\/ld+json\" class=\"yoast-schema-graph\">{\"@context\":\"https:\/\/schema.org\",\"@graph\":[{\"@type\":\"WebPage\",\"@id\":\"https:\/\/norsauna.no\/product\/patio-models\/\",\"url\":\"https:\/\/norsauna.no\/product\/patio-models\/\",\"name\":\"Patio modeller - NorSauna\",\"isPartOf\":{\"@id\":\"https:\/\/norsauna.no\/#website\"},\"primaryImageOfPage\":{\"@id\":\"https:\/\/norsauna.no\/product\/patio-models\/#primaryimage\"},\"image\":{\"@id\":\"https:\/\/norsauna.no\/product\/patio-models\/#primaryimage\"},\"thumbnailUrl\":\"https:\/\/norsauna.no\/wp-content\/uploads\/2024\/09\/patio-sauna.jpeg\",\"datePublished\":\"2024-09-05T11:14:38+00:00\",\"dateModified\":\"2024-12-19T13:49:02+00:00\",\"breadcrumb\":{\"@id\":\"https:\/\/norsauna.no\/product\/patio-models\/#breadcrumb\"},\"inLanguage\":\"en-US\",\"potentialAction\":[{\"@type\":\"ReadAction\",\"target\":[\"https:\/\/norsauna.no\/product\/patio-models\/\"]}]},{\"@type\":\"ImageObject\",\"inLanguage\":\"en-US\",\"@id\":\"https:\/\/norsauna.no\/product\/patio-models\/#primaryimage\",\"url\":\"https:\/\/norsauna.no\/wp-content\/uploads\/2024\/09\/patio-sauna.jpeg\",\"contentUrl\":\"https:\/\/norsauna.no\/wp-content\/uploads\/2024\/09\/patio-sauna.jpeg\",\"width\":1030,\"height\":692,\"caption\":\"Patio sauna\"},{\"@type\":\"BreadcrumbList\",\"@id\":\"https:\/\/norsauna.no\/product\/patio-models\/#breadcrumb\",\"itemListElement\":[{\"@type\":\"ListItem\",\"position\":1,\"name\":\"Home\",\"item\":\"https:\/\/norsauna.no\/\"},{\"@type\":\"ListItem\",\"position\":2,\"name\":\"Products\",\"item\":\"https:\/\/norsauna.no\/shop\/\"},{\"@type\":\"ListItem\",\"position\":3,\"name\":\"Patio modeller\"}]},{\"@type\":\"WebSite\",\"@id\":\"https:\/\/norsauna.no\/#website\",\"url\":\"https:\/\/norsauna.no\/\",\"name\":\"NorSauna - Your best partners for good sauna experience in Norway\",\"description\":\"\",\"publisher\":{\"@id\":\"https:\/\/norsauna.no\/#organization\"},\"potentialAction\":[{\"@type\":\"SearchAction\",\"target\":{\"@type\":\"EntryPoint\",\"urlTemplate\":\"https:\/\/norsauna.no\/?s={search_term_string}\"},\"query-input\":{\"@type\":\"PropertyValueSpecification\",\"valueRequired\":true,\"valueName\":\"search_term_string\"}}],\"inLanguage\":\"en-US\"},{\"@type\":\"Organization\",\"@id\":\"https:\/\/norsauna.no\/#organization\",\"name\":\"NorSauna - Your best partners for good sauna experience in Norway\",\"url\":\"https:\/\/norsauna.no\/\",\"logo\":{\"@type\":\"ImageObject\",\"inLanguage\":\"en-US\",\"@id\":\"https:\/\/norsauna.no\/#\/schema\/logo\/image\/\",\"url\":\"https:\/\/norsauna.no\/wp-content\/uploads\/2024\/08\/cropped-logo-norsauna_2.png\",\"contentUrl\":\"https:\/\/norsauna.no\/wp-content\/uploads\/2024\/08\/cropped-logo-norsauna_2.png\",\"width\":350,\"height\":350,\"caption\":\"NorSauna - Your best partners for good sauna experience in Norway\"},\"image\":{\"@id\":\"https:\/\/norsauna.no\/#\/schema\/logo\/image\/\"}}]}<\/script>\n<!-- \/ Yoast SEO plugin. -->","yoast_head_json":{"title":"Patio modeller - NorSauna","robots":{"index":"index","follow":"follow","max-snippet":"max-snippet:-1","max-image-preview":"max-image-preview:large","max-video-preview":"max-video-preview:-1"},"canonical":"https:\/\/norsauna.no\/en\/product\/patio-models\/","og_locale":"en_US","og_type":"article","og_title":"Patio modeller - NorSauna","og_description":"Spesifikasjoner:   Veggtykkelse \u2013 40 mm termo-behandlet furu  Tak \u2013 takbord 23 mm, EPDM-takbelegg, metallkantdeksler. I badsturommet: tak med termo-behandlet gran innvendig kledning + PIR-badstuisolasjon 30 mm  Gulv \u2013 ramme 45\u00d795, v\u00e6rbestandig behandling i svart, bord 24 mm gran, metallrenne for avl\u00f8psvann i badsturommet  D\u00f8r \u2013 1-2 stk helglassd\u00f8r (690\u00d71890 mm), bronse, herdet 8 mm  Vindu \u2013 treramme, herdet glass 8 mm, bronse  Benker \u2013 2-niv\u00e5 benker av or 28\u00d790, benkeforing  Listverk \u2013 alt utvendig listverk behandlet i svart    Ekstrautstyr:   Ryggst\u00f8tte i or (3-bord) \u2013 2 stk  Dobbel\/ISO glassvindu (d\u00f8r 8 mm glass)  Dobbel\/ISO glass speilvindu + d\u00f8r speil (8 mm glass)","og_url":"https:\/\/norsauna.no\/en\/product\/patio-models\/","og_site_name":"NorSauna","article_modified_time":"2024-12-19T13:49:02+00:00","og_image":[{"width":1030,"height":692,"url":"https:\/\/norsauna.no\/wp-content\/uploads\/2024\/09\/patio-sauna.jpeg","type":"image\/jpeg"}],"twitter_card":"summary_large_image","twitter_misc":{"Est. reading time":"1 minute"},"schema":{"@context":"https:\/\/schema.org","@graph":[{"@type":"WebPage","@id":"https:\/\/norsauna.no\/product\/patio-models\/","url":"https:\/\/norsauna.no\/product\/patio-models\/","name":"Patio modeller - NorSauna","isPartOf":{"@id":"https:\/\/norsauna.no\/#website"},"primaryImageOfPage":{"@id":"https:\/\/norsauna.no\/product\/patio-models\/#primaryimage"},"image":{"@id":"https:\/\/norsauna.no\/product\/patio-models\/#primaryimage"},"thumbnailUrl":"https:\/\/norsauna.no\/wp-content\/uploads\/2024\/09\/patio-sauna.jpeg","datePublished":"2024-09-05T11:14:38+00:00","dateModified":"2024-12-19T13:49:02+00:00","breadcrumb":{"@id":"https:\/\/norsauna.no\/product\/patio-models\/#breadcrumb"},"inLanguage":"en-US","potentialAction":[{"@type":"ReadAction","target":["https:\/\/norsauna.no\/product\/patio-models\/"]}]},{"@type":"ImageObject","inLanguage":"en-US","@id":"https:\/\/norsauna.no\/product\/patio-models\/#primaryimage","url":"https:\/\/norsauna.no\/wp-content\/uploads\/2024\/09\/patio-sauna.jpeg","contentUrl":"https:\/\/norsauna.no\/wp-content\/uploads\/2024\/09\/patio-sauna.jpeg","width":1030,"height":692,"caption":"Patio sauna"},{"@type":"BreadcrumbList","@id":"https:\/\/norsauna.no\/product\/patio-models\/#breadcrumb","itemListElement":[{"@type":"ListItem","position":1,"name":"Home","item":"https:\/\/norsauna.no\/"},{"@type":"ListItem","position":2,"name":"Products","item":"https:\/\/norsauna.no\/shop\/"},{"@type":"ListItem","position":3,"name":"Patio modeller"}]},{"@type":"WebSite","@id":"https:\/\/norsauna.no\/#website","url":"https:\/\/norsauna.no\/","name":"NorSauna - Your best partners for good sauna experience in Norway","description":"","publisher":{"@id":"https:\/\/norsauna.no\/#organization"},"potentialAction":[{"@type":"SearchAction","target":{"@type":"EntryPoint","urlTemplate":"https:\/\/norsauna.no\/?s={search_term_string}"},"query-input":{"@type":"PropertyValueSpecification","valueRequired":true,"valueName":"search_term_string"}}],"inLanguage":"en-US"},{"@type":"Organization","@id":"https:\/\/norsauna.no\/#organization","name":"NorSauna - Your best partners for good sauna experience in Norway","url":"https:\/\/norsauna.no\/","logo":{"@type":"ImageObject","inLanguage":"en-US","@id":"https:\/\/norsauna.no\/#\/schema\/logo\/image\/","url":"https:\/\/norsauna.no\/wp-content\/uploads\/2024\/08\/cropped-logo-norsauna_2.png","contentUrl":"https:\/\/norsauna.no\/wp-content\/uploads\/2024\/08\/cropped-logo-norsauna_2.png","width":350,"height":350,"caption":"NorSauna - Your best partners for good sauna experience in Norway"},"image":{"@id":"https:\/\/norsauna.no\/#\/schema\/logo\/image\/"}}]}},"_links":{"self":[{"href":"https:\/\/norsauna.no\/en\/wp-json\/wp\/v2\/product\/2675","targetHints":{"allow":["GET"]}}],"collection":[{"href":"https:\/\/norsauna.no\/en\/wp-json\/wp\/v2\/product"}],"about":[{"href":"https:\/\/norsauna.no\/en\/wp-json\/wp\/v2\/types\/product"}],"wp:featuredmedia":[{"embeddable":true,"href":"https:\/\/norsauna.no\/en\/wp-json\/wp\/v2\/media\/3697"}],"wp:attachment":[{"href":"https:\/\/norsauna.no\/en\/wp-json\/wp\/v2\/media?parent=2675"}],"wp:term":[{"taxonomy":"product_cat","embeddable":true,"href":"https:\/\/norsauna.no\/en\/wp-json\/wp\/v2\/product_cat?post=2675"},{"taxonomy":"product_tag","embeddable":true,"href":"https:\/\/norsauna.no\/en\/wp-json\/wp\/v2\/product_tag?post=2675"}],"curies":[{"name":"wp","href":"https:\/\/api.w.org\/{rel}","templated":true}]}}