{"id":2757,"date":"2024-09-12T18:36:59","date_gmt":"2024-09-12T18:36:59","guid":{"rendered":"https:\/\/norsauna.no\/?post_type=product&#038;p=2757"},"modified":"2024-12-10T19:12:03","modified_gmt":"2024-12-10T19:12:03","slug":"s4-sauna","status":"publish","type":"product","link":"https:\/\/norsauna.no\/en\/product\/s4-sauna\/","title":{"rendered":"S4 sauna"},"content":{"rendered":"<p><span style=\"font-weight: 400;\">S4 sauna delivers great sauna experience. S4 has huge floor-to-ceiling windows opening up magnificent views to surrounding landscape. Additionally these big windows create a very spacious and open atmosphere inside. Minimalist and sharp design aesthetics fit seamlessly with the architecture of modern houses or create an enjoyable and intriguing contrast with natural landscape or traditional main buildings and summer cottages.<\/span><\/p>\n<div class=\"send-request-container\"><a class=\"send-request-button\" href=\"https:\/\/norsauna.no\/en\/s4-sauna-request-form\/\">Send request<\/a><\/div>","protected":false},"excerpt":{"rendered":"<p><strong>Specifications:<\/strong><\/p>\n<ul>\n<li style=\"font-weight: 400;\" aria-level=\"1\"><span style=\"font-weight: 400;\">Spacious Seating - Comfortably seats 3-4 people with wide seating, ideal for lying down.<\/span><\/li>\n<li style=\"font-weight: 400;\" aria-level=\"1\"><span style=\"font-weight: 400;\">Efficient Construction - Walls, ceiling, and floor made from thick wooden CLT panels for quick heating and efficient operation.<\/span><\/li>\n<li style=\"font-weight: 400;\" aria-level=\"1\"><span style=\"font-weight: 400;\">Compact Size - With a 2\u00d72 m footprint, the S4 sauna easily fits into various locations and can be moved conveniently.<\/span><\/li>\n<li style=\"font-weight: 400;\" aria-level=\"1\"><span style=\"font-weight: 400;\">Oven Options - Available with a selection of wood-fired or electric heaters to suit your preferences. Electric heaters can be equipped with the HUUM UKU system, allowing remote control via your phone.<\/span><\/li>\n<\/ul>\n<p><\/p>\n<div>\n<span style=\"font-weight: 400;\">For interior you can choose between <strong>natural aspen<\/strong>, <strong>alder<\/strong> or <strong>thermally treated radiata pine<\/strong>.<\/span><\/div>","protected":false},"featured_media":3600,"template":"","meta":[],"product_cat":[20],"product_tag":[],"class_list":{"0":"post-2757","1":"product","2":"type-product","3":"status-publish","4":"has-post-thumbnail","6":"product_cat-saunas","8":"first","9":"instock","10":"shipping-taxable","11":"purchasable","12":"product-type-simple"},"yoast_head":"<!-- This site is optimized with the Yoast SEO plugin v23.7 - https:\/\/yoast.com\/wordpress\/plugins\/seo\/ -->\n<title>S4 sauna - NorSauna<\/title>\n<meta name=\"robots\" content=\"index, follow, max-snippet:-1, max-image-preview:large, max-video-preview:-1\" \/>\n<link rel=\"canonical\" href=\"https:\/\/norsauna.no\/en\/product\/s4-sauna\/\" \/>\n<meta property=\"og:locale\" content=\"en_US\" \/>\n<meta property=\"og:type\" content=\"article\" \/>\n<meta property=\"og:title\" content=\"S4 sauna - NorSauna\" \/>\n<meta property=\"og:description\" content=\"Spesifikasjoner:   Romslige benker \u2013 Komfortabelt plass til 3-4 personer med brede seter som du ogs\u00e5 kan ligge p\u00e5.  Effektiv konstruksjon \u2013 Vegger, tak og gulv laget av tykke CLT-paneler for rask oppvarming og effektiv drift.  Kompakt st\u00f8rrelse \u2013 Med et fotavtrykk p\u00e5 2\u00d72 meter passer S4 badstue godt i de fleste milj\u00f8, og gj\u00f8r den ogs\u00e5 enkel \u00e5 flytte p\u00e5 ved behov..  Ovnalternativer \u2013 Tilgjengelig med et utvalg av vedfyrte eller elektriske ovner for \u00e5 passe dine behov. Elektriske ovner kan utstyres med HUUM UKU-systemet, som gj\u00f8r det mulig \u00e5 styre ovnen via telefonen.    Til interi\u00f8r kan du velge mellom naturlig asp, or eller termisk behandlet radiata-furu.\" \/>\n<meta property=\"og:url\" content=\"https:\/\/norsauna.no\/en\/product\/s4-sauna\/\" \/>\n<meta property=\"og:site_name\" content=\"NorSauna\" \/>\n<meta property=\"article:modified_time\" content=\"2024-12-10T19:12:03+00:00\" \/>\n<meta property=\"og:image\" content=\"https:\/\/norsauna.no\/wp-content\/uploads\/2024\/09\/Norkke-S4-Outdoor-Sauna-dark-grey-1800x1200-5.jpg\" \/>\n\t<meta property=\"og:image:width\" content=\"1800\" \/>\n\t<meta property=\"og:image:height\" content=\"1200\" \/>\n\t<meta property=\"og:image:type\" content=\"image\/jpeg\" \/>\n<meta name=\"twitter:card\" content=\"summary_large_image\" \/>\n<meta name=\"twitter:label1\" content=\"Est. reading time\" \/>\n\t<meta name=\"twitter:data1\" content=\"1 minute\" \/>\n<script type=\"application\/ld+json\" class=\"yoast-schema-graph\">{\"@context\":\"https:\/\/schema.org\",\"@graph\":[{\"@type\":\"WebPage\",\"@id\":\"https:\/\/norsauna.no\/product\/s4-sauna\/\",\"url\":\"https:\/\/norsauna.no\/product\/s4-sauna\/\",\"name\":\"S4 sauna - NorSauna\",\"isPartOf\":{\"@id\":\"https:\/\/norsauna.no\/#website\"},\"primaryImageOfPage\":{\"@id\":\"https:\/\/norsauna.no\/product\/s4-sauna\/#primaryimage\"},\"image\":{\"@id\":\"https:\/\/norsauna.no\/product\/s4-sauna\/#primaryimage\"},\"thumbnailUrl\":\"https:\/\/norsauna.no\/wp-content\/uploads\/2024\/09\/Norkke-S4-Outdoor-Sauna-dark-grey-1800x1200-5.jpg\",\"datePublished\":\"2024-09-12T18:36:59+00:00\",\"dateModified\":\"2024-12-10T19:12:03+00:00\",\"breadcrumb\":{\"@id\":\"https:\/\/norsauna.no\/product\/s4-sauna\/#breadcrumb\"},\"inLanguage\":\"en-US\",\"potentialAction\":[{\"@type\":\"ReadAction\",\"target\":[\"https:\/\/norsauna.no\/product\/s4-sauna\/\"]}]},{\"@type\":\"ImageObject\",\"inLanguage\":\"en-US\",\"@id\":\"https:\/\/norsauna.no\/product\/s4-sauna\/#primaryimage\",\"url\":\"https:\/\/norsauna.no\/wp-content\/uploads\/2024\/09\/Norkke-S4-Outdoor-Sauna-dark-grey-1800x1200-5.jpg\",\"contentUrl\":\"https:\/\/norsauna.no\/wp-content\/uploads\/2024\/09\/Norkke-S4-Outdoor-Sauna-dark-grey-1800x1200-5.jpg\",\"width\":1800,\"height\":1200,\"caption\":\"Norkke S4 Sauna\"},{\"@type\":\"BreadcrumbList\",\"@id\":\"https:\/\/norsauna.no\/product\/s4-sauna\/#breadcrumb\",\"itemListElement\":[{\"@type\":\"ListItem\",\"position\":1,\"name\":\"Home\",\"item\":\"https:\/\/norsauna.no\/\"},{\"@type\":\"ListItem\",\"position\":2,\"name\":\"Products\",\"item\":\"https:\/\/norsauna.no\/shop\/\"},{\"@type\":\"ListItem\",\"position\":3,\"name\":\"S4 sauna\"}]},{\"@type\":\"WebSite\",\"@id\":\"https:\/\/norsauna.no\/#website\",\"url\":\"https:\/\/norsauna.no\/\",\"name\":\"NorSauna - Your best partners for good sauna experience in Norway\",\"description\":\"\",\"publisher\":{\"@id\":\"https:\/\/norsauna.no\/#organization\"},\"potentialAction\":[{\"@type\":\"SearchAction\",\"target\":{\"@type\":\"EntryPoint\",\"urlTemplate\":\"https:\/\/norsauna.no\/?s={search_term_string}\"},\"query-input\":{\"@type\":\"PropertyValueSpecification\",\"valueRequired\":true,\"valueName\":\"search_term_string\"}}],\"inLanguage\":\"en-US\"},{\"@type\":\"Organization\",\"@id\":\"https:\/\/norsauna.no\/#organization\",\"name\":\"NorSauna - Your best partners for good sauna experience in Norway\",\"url\":\"https:\/\/norsauna.no\/\",\"logo\":{\"@type\":\"ImageObject\",\"inLanguage\":\"en-US\",\"@id\":\"https:\/\/norsauna.no\/#\/schema\/logo\/image\/\",\"url\":\"https:\/\/norsauna.no\/wp-content\/uploads\/2024\/08\/cropped-logo-norsauna_2.png\",\"contentUrl\":\"https:\/\/norsauna.no\/wp-content\/uploads\/2024\/08\/cropped-logo-norsauna_2.png\",\"width\":350,\"height\":350,\"caption\":\"NorSauna - Your best partners for good sauna experience in Norway\"},\"image\":{\"@id\":\"https:\/\/norsauna.no\/#\/schema\/logo\/image\/\"}}]}<\/script>\n<!-- \/ Yoast SEO plugin. -->","yoast_head_json":{"title":"S4 sauna - NorSauna","robots":{"index":"index","follow":"follow","max-snippet":"max-snippet:-1","max-image-preview":"max-image-preview:large","max-video-preview":"max-video-preview:-1"},"canonical":"https:\/\/norsauna.no\/en\/product\/s4-sauna\/","og_locale":"en_US","og_type":"article","og_title":"S4 sauna - NorSauna","og_description":"Spesifikasjoner:   Romslige benker \u2013 Komfortabelt plass til 3-4 personer med brede seter som du ogs\u00e5 kan ligge p\u00e5.  Effektiv konstruksjon \u2013 Vegger, tak og gulv laget av tykke CLT-paneler for rask oppvarming og effektiv drift.  Kompakt st\u00f8rrelse \u2013 Med et fotavtrykk p\u00e5 2\u00d72 meter passer S4 badstue godt i de fleste milj\u00f8, og gj\u00f8r den ogs\u00e5 enkel \u00e5 flytte p\u00e5 ved behov..  Ovnalternativer \u2013 Tilgjengelig med et utvalg av vedfyrte eller elektriske ovner for \u00e5 passe dine behov. Elektriske ovner kan utstyres med HUUM UKU-systemet, som gj\u00f8r det mulig \u00e5 styre ovnen via telefonen.    Til interi\u00f8r kan du velge mellom naturlig asp, or eller termisk behandlet radiata-furu.","og_url":"https:\/\/norsauna.no\/en\/product\/s4-sauna\/","og_site_name":"NorSauna","article_modified_time":"2024-12-10T19:12:03+00:00","og_image":[{"width":1800,"height":1200,"url":"https:\/\/norsauna.no\/wp-content\/uploads\/2024\/09\/Norkke-S4-Outdoor-Sauna-dark-grey-1800x1200-5.jpg","type":"image\/jpeg"}],"twitter_card":"summary_large_image","twitter_misc":{"Est. reading time":"1 minute"},"schema":{"@context":"https:\/\/schema.org","@graph":[{"@type":"WebPage","@id":"https:\/\/norsauna.no\/product\/s4-sauna\/","url":"https:\/\/norsauna.no\/product\/s4-sauna\/","name":"S4 sauna - NorSauna","isPartOf":{"@id":"https:\/\/norsauna.no\/#website"},"primaryImageOfPage":{"@id":"https:\/\/norsauna.no\/product\/s4-sauna\/#primaryimage"},"image":{"@id":"https:\/\/norsauna.no\/product\/s4-sauna\/#primaryimage"},"thumbnailUrl":"https:\/\/norsauna.no\/wp-content\/uploads\/2024\/09\/Norkke-S4-Outdoor-Sauna-dark-grey-1800x1200-5.jpg","datePublished":"2024-09-12T18:36:59+00:00","dateModified":"2024-12-10T19:12:03+00:00","breadcrumb":{"@id":"https:\/\/norsauna.no\/product\/s4-sauna\/#breadcrumb"},"inLanguage":"en-US","potentialAction":[{"@type":"ReadAction","target":["https:\/\/norsauna.no\/product\/s4-sauna\/"]}]},{"@type":"ImageObject","inLanguage":"en-US","@id":"https:\/\/norsauna.no\/product\/s4-sauna\/#primaryimage","url":"https:\/\/norsauna.no\/wp-content\/uploads\/2024\/09\/Norkke-S4-Outdoor-Sauna-dark-grey-1800x1200-5.jpg","contentUrl":"https:\/\/norsauna.no\/wp-content\/uploads\/2024\/09\/Norkke-S4-Outdoor-Sauna-dark-grey-1800x1200-5.jpg","width":1800,"height":1200,"caption":"Norkke S4 Sauna"},{"@type":"BreadcrumbList","@id":"https:\/\/norsauna.no\/product\/s4-sauna\/#breadcrumb","itemListElement":[{"@type":"ListItem","position":1,"name":"Home","item":"https:\/\/norsauna.no\/"},{"@type":"ListItem","position":2,"name":"Products","item":"https:\/\/norsauna.no\/shop\/"},{"@type":"ListItem","position":3,"name":"S4 sauna"}]},{"@type":"WebSite","@id":"https:\/\/norsauna.no\/#website","url":"https:\/\/norsauna.no\/","name":"NorSauna - Your best partners for good sauna experience in Norway","description":"","publisher":{"@id":"https:\/\/norsauna.no\/#organization"},"potentialAction":[{"@type":"SearchAction","target":{"@type":"EntryPoint","urlTemplate":"https:\/\/norsauna.no\/?s={search_term_string}"},"query-input":{"@type":"PropertyValueSpecification","valueRequired":true,"valueName":"search_term_string"}}],"inLanguage":"en-US"},{"@type":"Organization","@id":"https:\/\/norsauna.no\/#organization","name":"NorSauna - Your best partners for good sauna experience in Norway","url":"https:\/\/norsauna.no\/","logo":{"@type":"ImageObject","inLanguage":"en-US","@id":"https:\/\/norsauna.no\/#\/schema\/logo\/image\/","url":"https:\/\/norsauna.no\/wp-content\/uploads\/2024\/08\/cropped-logo-norsauna_2.png","contentUrl":"https:\/\/norsauna.no\/wp-content\/uploads\/2024\/08\/cropped-logo-norsauna_2.png","width":350,"height":350,"caption":"NorSauna - Your best partners for good sauna experience in Norway"},"image":{"@id":"https:\/\/norsauna.no\/#\/schema\/logo\/image\/"}}]}},"_links":{"self":[{"href":"https:\/\/norsauna.no\/en\/wp-json\/wp\/v2\/product\/2757","targetHints":{"allow":["GET"]}}],"collection":[{"href":"https:\/\/norsauna.no\/en\/wp-json\/wp\/v2\/product"}],"about":[{"href":"https:\/\/norsauna.no\/en\/wp-json\/wp\/v2\/types\/product"}],"wp:featuredmedia":[{"embeddable":true,"href":"https:\/\/norsauna.no\/en\/wp-json\/wp\/v2\/media\/3600"}],"wp:attachment":[{"href":"https:\/\/norsauna.no\/en\/wp-json\/wp\/v2\/media?parent=2757"}],"wp:term":[{"taxonomy":"product_cat","embeddable":true,"href":"https:\/\/norsauna.no\/en\/wp-json\/wp\/v2\/product_cat?post=2757"},{"taxonomy":"product_tag","embeddable":true,"href":"https:\/\/norsauna.no\/en\/wp-json\/wp\/v2\/product_tag?post=2757"}],"curies":[{"name":"wp","href":"https:\/\/api.w.org\/{rel}","templated":true}]}}