{"id":3164,"date":"2024-09-26T19:54:42","date_gmt":"2024-09-26T19:54:42","guid":{"rendered":"https:\/\/norsauna.no\/?post_type=product&#038;p=3164"},"modified":"2024-12-19T13:46:17","modified_gmt":"2024-12-19T13:46:17","slug":"delux","status":"publish","type":"product","link":"https:\/\/norsauna.no\/en\/product\/delux\/","title":{"rendered":"Delux models"},"content":{"rendered":"<p><span style=\"font-weight: 400;\">Delux is a high-quality sauna available in four sizes, with a range of customizable options to suit your needs. Whether you prefer a larger sauna with expansive views or a more private space, Delux can be configured to match your preferences.<\/span><\/p>\n<div class=\"send-request-container\"><a class=\"send-request-button\" href=\"https:\/\/norsauna.no\/en\/delux-models-request-form\/\">Send request<\/a><\/div>","protected":false},"excerpt":{"rendered":"<p><strong>Specifications:<\/strong><\/p>\n<ul>\n<li style=\"font-weight: 400;\" aria-level=\"1\"><span style=\"font-weight: 400;\">Walls - 40mm spruce<\/span><\/li>\n<li style=\"font-weight: 400;\" aria-level=\"1\"><span style=\"font-weight: 400;\">Roof - Icopal Plano Bitumen roof shingles<\/span><\/li>\n<li style=\"font-weight: 400;\" aria-level=\"1\"><span style=\"font-weight: 400;\">Front door - wooden, lockable and has a window<\/span><\/li>\n<li style=\"font-weight: 400;\" aria-level=\"1\"><span style=\"font-weight: 400;\">Water tank - 30 or 40 litres<\/span><\/li>\n<li style=\"font-weight: 400;\" aria-level=\"1\"><span style=\"font-weight: 400;\">The door to the sauna room is made of glass<\/span><\/li>\n<li style=\"font-weight: 400;\" aria-level=\"1\"><span style=\"font-weight: 400;\">The exterior finish is done with Remmers HK Lasur or Tikkurila terrace oil<\/span><\/li>\n<li style=\"font-weight: 400;\" aria-level=\"1\"><span style=\"font-weight: 400;\">Wood or an electric heater<\/span><\/li>\n<li style=\"font-weight: 400;\" aria-level=\"1\"><span style=\"font-weight: 400;\">Ventilation system<\/span><\/li>\n<li style=\"font-weight: 400;\" aria-level=\"1\"><span style=\"font-weight: 400;\">There are floor grate in the front room and in the sauna room<\/span><\/li>\n<li style=\"font-weight: 400;\" aria-level=\"1\"><span style=\"font-weight: 400;\">Terrace benches<\/span><\/li>\n<li style=\"font-weight: 400;\" aria-level=\"1\"><span style=\"font-weight: 400;\">The set includes stainless metal bands and adjustable clamps<\/span><\/li>\n<\/ul>\n<p><\/p>\n<div>\n<span style=\"font-weight: 400;\">For the front door you can choose between a wooden lockable door with half glass, a wooden lockable door with frameless half glass, a wooden lockable door with full glass or a glass door.<\/span><\/div>\n<p><\/p>\n<div><span style=\"font-weight: 400;\">Roof and exterior colors can also be customized.<\/span><\/div>\n<p><\/p>\n<div>\n<span style=\"font-weight: 400;\">Extras:<\/span><\/p>\n<ul>\n<li style=\"font-weight: 400;\" aria-level=\"1\"><span style=\"font-weight: 400;\">Front wall full glass<\/span><\/li>\n<li style=\"font-weight: 400;\" aria-level=\"1\"><span style=\"font-weight: 400;\">Back wall windows \u2013 350\u00d7750 mm opening windows, 350\u00d7750 mm closed windows, 400\u00d71200 mm, half-circle, full-circle<\/span><\/li>\n<li style=\"font-weight: 400;\" aria-level=\"1\"><span style=\"font-weight: 400;\">Heaters -  Harvia M3 + chimney set, Huum Heat 12 + chimeny set, Cozy 12 + chimney set or Harvia Cilindro<\/span><\/li>\n<li style=\"font-weight: 400;\" aria-level=\"1\"><span style=\"font-weight: 400;\">Juniper wall - semicircle juniper wall, full circle juniper wall<\/span><\/li>\n<li style=\"font-weight: 400;\" aria-level=\"1\"><span style=\"font-weight: 400;\">LED illumination - LED strip in the steam room, LED light<\/span><\/li>\n<li style=\"font-weight: 400;\" aria-level=\"1\"><span style=\"font-weight: 400;\">Water tank - 30L\/40L<\/span><\/li>\n<\/ul>\n<\/div>","protected":false},"featured_media":3698,"template":"","meta":[],"product_cat":[20],"product_tag":[],"class_list":{"0":"post-3164","1":"product","2":"type-product","3":"status-publish","4":"has-post-thumbnail","6":"product_cat-saunas","8":"first","9":"instock","10":"shipping-taxable","11":"purchasable","12":"product-type-variable"},"yoast_head":"<!-- This site is optimized with the Yoast SEO plugin v23.7 - https:\/\/yoast.com\/wordpress\/plugins\/seo\/ -->\n<title>Delux modeller - NorSauna<\/title>\n<meta name=\"robots\" content=\"index, follow, max-snippet:-1, max-image-preview:large, max-video-preview:-1\" \/>\n<link rel=\"canonical\" href=\"https:\/\/norsauna.no\/en\/product\/delux\/\" \/>\n<meta property=\"og:locale\" content=\"en_US\" \/>\n<meta property=\"og:type\" content=\"article\" \/>\n<meta property=\"og:title\" content=\"Delux modeller - NorSauna\" \/>\n<meta property=\"og:description\" content=\"Spesifikasjoner:   Veggtykkelse \u2013 40 mm gran  Tak \u2013 Icopal Plano Bitumen takshingel  Inngangsd\u00f8r \u2013 i tre, l\u00e5sbar og med vindu  Vanntank \u2013 30\/40 liter  D\u00f8r til badstuerommet \u2013 laget av glass  Utvendig finish \u2013 Impregnert med Remmers HK Lasur eller Tikkurila terrasseolje  Oppvarming \u2013 vedovn eller elektrisk ovn  Ventilasjonssystem  Gulvrist \u2013 i b\u00e5de forrommet og badstuerommet  Terrassebenker  Settet inkluderer \u2013 rustfrie metallb\u00e5nd og justerbare klemmer   Til inngangsd\u00f8r kan du velge mellom: en l\u00e5sbar tred\u00f8r med halvt glass, en l\u00e5sbar tred\u00f8r med rammel\u00f8st halvt glass, en l\u00e5sbar tred\u00f8r med fullt glass eller en glassd\u00f8r.  Tak- og utvendige farger kan ogs\u00e5 tilpasses.   Ekstrautstyr:   Frontvegg \u2013 fullglass  Bakveggen \u2013 vinduer 350\u00d7750 mm \u00e5pnbare, 350\u00d7750 mm lukket, 400\u00d71200 mm vindu, halvsirkelvindu, helsirkelvindu  Ovner \u2013 Harvia M3 + pipesett, Huum Heat 12 + pipesett, Cozy 12 + pipesett eller Harvia Cilindro  Einevegg \u2013 halvsirkel einevegg, helsirkel einevegg  LED-belysning \u2013 LED-stripe i damprommet, LED-lys  Vanntank \u2013 30L\/40L\" \/>\n<meta property=\"og:url\" content=\"https:\/\/norsauna.no\/en\/product\/delux\/\" \/>\n<meta property=\"og:site_name\" content=\"NorSauna\" \/>\n<meta property=\"article:modified_time\" content=\"2024-12-19T13:46:17+00:00\" \/>\n<meta property=\"og:image\" content=\"https:\/\/norsauna.no\/wp-content\/uploads\/2024\/09\/delux-sauna-e1728869694672.png\" \/>\n\t<meta property=\"og:image:width\" content=\"869\" \/>\n\t<meta property=\"og:image:height\" content=\"688\" \/>\n\t<meta property=\"og:image:type\" content=\"image\/png\" \/>\n<meta name=\"twitter:card\" content=\"summary_large_image\" \/>\n<meta name=\"twitter:label1\" content=\"Est. reading time\" \/>\n\t<meta name=\"twitter:data1\" content=\"1 minute\" \/>\n<script type=\"application\/ld+json\" class=\"yoast-schema-graph\">{\"@context\":\"https:\/\/schema.org\",\"@graph\":[{\"@type\":\"WebPage\",\"@id\":\"https:\/\/norsauna.no\/product\/delux\/\",\"url\":\"https:\/\/norsauna.no\/product\/delux\/\",\"name\":\"Delux modeller - NorSauna\",\"isPartOf\":{\"@id\":\"https:\/\/norsauna.no\/#website\"},\"primaryImageOfPage\":{\"@id\":\"https:\/\/norsauna.no\/product\/delux\/#primaryimage\"},\"image\":{\"@id\":\"https:\/\/norsauna.no\/product\/delux\/#primaryimage\"},\"thumbnailUrl\":\"https:\/\/norsauna.no\/wp-content\/uploads\/2024\/09\/delux-sauna-e1728869694672.png\",\"datePublished\":\"2024-09-26T19:54:42+00:00\",\"dateModified\":\"2024-12-19T13:46:17+00:00\",\"breadcrumb\":{\"@id\":\"https:\/\/norsauna.no\/product\/delux\/#breadcrumb\"},\"inLanguage\":\"en-US\",\"potentialAction\":[{\"@type\":\"ReadAction\",\"target\":[\"https:\/\/norsauna.no\/product\/delux\/\"]}]},{\"@type\":\"ImageObject\",\"inLanguage\":\"en-US\",\"@id\":\"https:\/\/norsauna.no\/product\/delux\/#primaryimage\",\"url\":\"https:\/\/norsauna.no\/wp-content\/uploads\/2024\/09\/delux-sauna-e1728869694672.png\",\"contentUrl\":\"https:\/\/norsauna.no\/wp-content\/uploads\/2024\/09\/delux-sauna-e1728869694672.png\",\"width\":869,\"height\":688,\"caption\":\"Delux sauna\"},{\"@type\":\"BreadcrumbList\",\"@id\":\"https:\/\/norsauna.no\/product\/delux\/#breadcrumb\",\"itemListElement\":[{\"@type\":\"ListItem\",\"position\":1,\"name\":\"Home\",\"item\":\"https:\/\/norsauna.no\/\"},{\"@type\":\"ListItem\",\"position\":2,\"name\":\"Products\",\"item\":\"https:\/\/norsauna.no\/shop\/\"},{\"@type\":\"ListItem\",\"position\":3,\"name\":\"Delux modeller\"}]},{\"@type\":\"WebSite\",\"@id\":\"https:\/\/norsauna.no\/#website\",\"url\":\"https:\/\/norsauna.no\/\",\"name\":\"NorSauna - Your best partners for good sauna experience in Norway\",\"description\":\"\",\"publisher\":{\"@id\":\"https:\/\/norsauna.no\/#organization\"},\"potentialAction\":[{\"@type\":\"SearchAction\",\"target\":{\"@type\":\"EntryPoint\",\"urlTemplate\":\"https:\/\/norsauna.no\/?s={search_term_string}\"},\"query-input\":{\"@type\":\"PropertyValueSpecification\",\"valueRequired\":true,\"valueName\":\"search_term_string\"}}],\"inLanguage\":\"en-US\"},{\"@type\":\"Organization\",\"@id\":\"https:\/\/norsauna.no\/#organization\",\"name\":\"NorSauna - Your best partners for good sauna experience in Norway\",\"url\":\"https:\/\/norsauna.no\/\",\"logo\":{\"@type\":\"ImageObject\",\"inLanguage\":\"en-US\",\"@id\":\"https:\/\/norsauna.no\/#\/schema\/logo\/image\/\",\"url\":\"https:\/\/norsauna.no\/wp-content\/uploads\/2024\/08\/cropped-logo-norsauna_2.png\",\"contentUrl\":\"https:\/\/norsauna.no\/wp-content\/uploads\/2024\/08\/cropped-logo-norsauna_2.png\",\"width\":350,\"height\":350,\"caption\":\"NorSauna - Your best partners for good sauna experience in Norway\"},\"image\":{\"@id\":\"https:\/\/norsauna.no\/#\/schema\/logo\/image\/\"}}]}<\/script>\n<!-- \/ Yoast SEO plugin. -->","yoast_head_json":{"title":"Delux modeller - NorSauna","robots":{"index":"index","follow":"follow","max-snippet":"max-snippet:-1","max-image-preview":"max-image-preview:large","max-video-preview":"max-video-preview:-1"},"canonical":"https:\/\/norsauna.no\/en\/product\/delux\/","og_locale":"en_US","og_type":"article","og_title":"Delux modeller - NorSauna","og_description":"Spesifikasjoner:   Veggtykkelse \u2013 40 mm gran  Tak \u2013 Icopal Plano Bitumen takshingel  Inngangsd\u00f8r \u2013 i tre, l\u00e5sbar og med vindu  Vanntank \u2013 30\/40 liter  D\u00f8r til badstuerommet \u2013 laget av glass  Utvendig finish \u2013 Impregnert med Remmers HK Lasur eller Tikkurila terrasseolje  Oppvarming \u2013 vedovn eller elektrisk ovn  Ventilasjonssystem  Gulvrist \u2013 i b\u00e5de forrommet og badstuerommet  Terrassebenker  Settet inkluderer \u2013 rustfrie metallb\u00e5nd og justerbare klemmer   Til inngangsd\u00f8r kan du velge mellom: en l\u00e5sbar tred\u00f8r med halvt glass, en l\u00e5sbar tred\u00f8r med rammel\u00f8st halvt glass, en l\u00e5sbar tred\u00f8r med fullt glass eller en glassd\u00f8r.  Tak- og utvendige farger kan ogs\u00e5 tilpasses.   Ekstrautstyr:   Frontvegg \u2013 fullglass  Bakveggen \u2013 vinduer 350\u00d7750 mm \u00e5pnbare, 350\u00d7750 mm lukket, 400\u00d71200 mm vindu, halvsirkelvindu, helsirkelvindu  Ovner \u2013 Harvia M3 + pipesett, Huum Heat 12 + pipesett, Cozy 12 + pipesett eller Harvia Cilindro  Einevegg \u2013 halvsirkel einevegg, helsirkel einevegg  LED-belysning \u2013 LED-stripe i damprommet, LED-lys  Vanntank \u2013 30L\/40L","og_url":"https:\/\/norsauna.no\/en\/product\/delux\/","og_site_name":"NorSauna","article_modified_time":"2024-12-19T13:46:17+00:00","og_image":[{"width":869,"height":688,"url":"https:\/\/norsauna.no\/wp-content\/uploads\/2024\/09\/delux-sauna-e1728869694672.png","type":"image\/png"}],"twitter_card":"summary_large_image","twitter_misc":{"Est. reading time":"1 minute"},"schema":{"@context":"https:\/\/schema.org","@graph":[{"@type":"WebPage","@id":"https:\/\/norsauna.no\/product\/delux\/","url":"https:\/\/norsauna.no\/product\/delux\/","name":"Delux modeller - NorSauna","isPartOf":{"@id":"https:\/\/norsauna.no\/#website"},"primaryImageOfPage":{"@id":"https:\/\/norsauna.no\/product\/delux\/#primaryimage"},"image":{"@id":"https:\/\/norsauna.no\/product\/delux\/#primaryimage"},"thumbnailUrl":"https:\/\/norsauna.no\/wp-content\/uploads\/2024\/09\/delux-sauna-e1728869694672.png","datePublished":"2024-09-26T19:54:42+00:00","dateModified":"2024-12-19T13:46:17+00:00","breadcrumb":{"@id":"https:\/\/norsauna.no\/product\/delux\/#breadcrumb"},"inLanguage":"en-US","potentialAction":[{"@type":"ReadAction","target":["https:\/\/norsauna.no\/product\/delux\/"]}]},{"@type":"ImageObject","inLanguage":"en-US","@id":"https:\/\/norsauna.no\/product\/delux\/#primaryimage","url":"https:\/\/norsauna.no\/wp-content\/uploads\/2024\/09\/delux-sauna-e1728869694672.png","contentUrl":"https:\/\/norsauna.no\/wp-content\/uploads\/2024\/09\/delux-sauna-e1728869694672.png","width":869,"height":688,"caption":"Delux sauna"},{"@type":"BreadcrumbList","@id":"https:\/\/norsauna.no\/product\/delux\/#breadcrumb","itemListElement":[{"@type":"ListItem","position":1,"name":"Home","item":"https:\/\/norsauna.no\/"},{"@type":"ListItem","position":2,"name":"Products","item":"https:\/\/norsauna.no\/shop\/"},{"@type":"ListItem","position":3,"name":"Delux modeller"}]},{"@type":"WebSite","@id":"https:\/\/norsauna.no\/#website","url":"https:\/\/norsauna.no\/","name":"NorSauna - Your best partners for good sauna experience in Norway","description":"","publisher":{"@id":"https:\/\/norsauna.no\/#organization"},"potentialAction":[{"@type":"SearchAction","target":{"@type":"EntryPoint","urlTemplate":"https:\/\/norsauna.no\/?s={search_term_string}"},"query-input":{"@type":"PropertyValueSpecification","valueRequired":true,"valueName":"search_term_string"}}],"inLanguage":"en-US"},{"@type":"Organization","@id":"https:\/\/norsauna.no\/#organization","name":"NorSauna - Your best partners for good sauna experience in Norway","url":"https:\/\/norsauna.no\/","logo":{"@type":"ImageObject","inLanguage":"en-US","@id":"https:\/\/norsauna.no\/#\/schema\/logo\/image\/","url":"https:\/\/norsauna.no\/wp-content\/uploads\/2024\/08\/cropped-logo-norsauna_2.png","contentUrl":"https:\/\/norsauna.no\/wp-content\/uploads\/2024\/08\/cropped-logo-norsauna_2.png","width":350,"height":350,"caption":"NorSauna - Your best partners for good sauna experience in Norway"},"image":{"@id":"https:\/\/norsauna.no\/#\/schema\/logo\/image\/"}}]}},"_links":{"self":[{"href":"https:\/\/norsauna.no\/en\/wp-json\/wp\/v2\/product\/3164","targetHints":{"allow":["GET"]}}],"collection":[{"href":"https:\/\/norsauna.no\/en\/wp-json\/wp\/v2\/product"}],"about":[{"href":"https:\/\/norsauna.no\/en\/wp-json\/wp\/v2\/types\/product"}],"wp:featuredmedia":[{"embeddable":true,"href":"https:\/\/norsauna.no\/en\/wp-json\/wp\/v2\/media\/3698"}],"wp:attachment":[{"href":"https:\/\/norsauna.no\/en\/wp-json\/wp\/v2\/media?parent=3164"}],"wp:term":[{"taxonomy":"product_cat","embeddable":true,"href":"https:\/\/norsauna.no\/en\/wp-json\/wp\/v2\/product_cat?post=3164"},{"taxonomy":"product_tag","embeddable":true,"href":"https:\/\/norsauna.no\/en\/wp-json\/wp\/v2\/product_tag?post=3164"}],"curies":[{"name":"wp","href":"https:\/\/api.w.org\/{rel}","templated":true}]}}